{"id":62,"date":"2014-07-29T10:37:41","date_gmt":"2014-07-29T09:37:41","guid":{"rendered":"https:\/\/pc-rettung-eifel.de\/wordpress\/impressum\/"},"modified":"2022-04-25T09:32:31","modified_gmt":"2022-04-25T08:32:31","slug":"impressum","status":"publish","type":"page","link":"https:\/\/pc-rettung-eifel.de\/wordpress\/impressum\/","title":{"rendered":"Impressum"},"content":{"rendered":"<p><strong><img loading=\"lazy\" decoding=\"async\" class=\"alignleft size-thumbnail wp-image-187\" src=\"https:\/\/pc-rettung-eifel.de\/wordpress\/wp-content\/uploads\/2022\/04\/rettungsring-128-1-100x100.png\" alt=\"\" width=\"100\" height=\"100\" srcset=\"https:\/\/pc-rettung-eifel.de\/wordpress\/wp-content\/uploads\/2022\/04\/rettungsring-128-1-100x100.png 100w, https:\/\/pc-rettung-eifel.de\/wordpress\/wp-content\/uploads\/2022\/04\/rettungsring-128-1.png 128w\" sizes=\"auto, (max-width: 100px) 100vw, 100px\" \/>PC-Rettung-Eifel.de<\/strong><br \/>\nschnelle, kompetente und preiswerte Hilfe bei allen Problemen rund um PC, Notebook, Internet und Co. &#8211; seit \u00fcber 25 Jahren<\/p>\n<p>&#8230; aber bitte <strong>kein<\/strong> Windows &#8211; ich mach <strong>seit 20 Jahren Linux<\/strong>, mit Vorliebe ubuntu<br \/>\nLinux kann fast alles auch, aber:<br \/>\n&#8211; keine Viren und Trojaner<br \/>\n&#8211; keine Zwangsupdates und versteckte Kosten<br \/>\n&#8211; Linux und (fast) alle Programme sind kostenlos<\/p>\n<p><strong>Christoph Theuring<br \/>\nDipl.-Ing.<\/strong><br \/>\nTalstra\u00dfe 2<br \/>\n56729 Virneburg \/ Eifel<\/p>\n<table style=\"height: 330px;\" border=\"0\" width=\"353\" cellspacing=\"0\" cellpadding=\"1\">\n<tbody>\n<tr>\n<td style=\"text-align: left; width: 80px;\"><strong>Telefon<\/strong><\/td>\n<td>02656-1222<\/td>\n<\/tr>\n<tr>\n<td><strong>Mobil<\/strong><\/td>\n<td>0171-541 88 97<\/td>\n<\/tr>\n<tr>\n<td><strong>Telefax<\/strong><\/td>\n<td>02656-1299<\/td>\n<\/tr>\n<tr>\n<td><strong>eMai <\/strong><\/td>\n<td>hilfe@pc-rettung-eifel.de<\/td>\n<\/tr>\n<tr>\n<td><\/td>\n<td><\/td>\n<\/tr>\n<tr>\n<td><strong>Konto<\/strong><\/td>\n<td>Raiffeisenbank Welling eG<\/td>\n<\/tr>\n<tr>\n<td>BLZ<\/td>\n<td>570 693 61<\/td>\n<\/tr>\n<tr>\n<td>KontoNr.<\/td>\n<td>0100 0373 56<\/td>\n<\/tr>\n<tr>\n<td>IBAN<\/td>\n<td>DE23 5706 9361 0100 0373 56<\/td>\n<\/tr>\n<tr>\n<td>BIC<\/td>\n<td>GENODED1WLG<\/td>\n<\/tr>\n<tr>\n<td><\/td>\n<td><\/td>\n<\/tr>\n<tr>\n<td><strong>SteuerNr<\/strong><\/td>\n<td>29\/220\/23097<\/td>\n<\/tr>\n<\/tbody>\n<\/table>\n<p>Sollten auf <em>PC-Rettung-Eifel.de<\/em> Inhalte oder Aufmachung gegen die Rechte Dritter oder gegen gesetzliche Bestimmungen versto\u00dfen, informieren Sie den Seitenbetreiber bitte umgehend per eMail, Fax oder Post ohne Kostennote. Die Kontaktdaten k\u00f6nnen Sie dem Impressum entnehmen.<br \/>\nZu Recht bestehende Beanstandungen werden umgehend erf\u00fcllt, ohne dass von Ihrer Seite die Einschaltung eines Rechtsanwaltes erforderlich ist.<br \/>\nSollten Sie trotz dieses Hinweises ohne vorherige Kontaktaufnahme eine Abmahnung o. \u00e4. er\u00f6ffnen, wird der Betreiber von <em>PC-Rettung-Eifel.de<\/em> diese vollumf\u00e4nglich zur\u00fcckweisen und gegebenenfalls Gegenklage wegen des Versto\u00dfes gegen die gesetzlich vorgeschriebene Schadenminderungspflicht einreichen.<\/p>\n","protected":false},"excerpt":{"rendered":"<p>PC-Rettung-Eifel.de schnelle, kompetente und preiswerte Hilfe bei allen Problemen rund um PC, Notebook, Internet und Co. &#8211; seit \u00fcber 25 Jahren &#8230; aber bitte kein Windows &#8211; ich mach seit 20 Jahren Linux, mit Vorliebe ubuntu Linux kann fast alles auch, aber: &#8211; keine Viren und Trojaner &#8211; keine Zwangsupdates und versteckte Kosten &#8211; Linux [&hellip;]<\/p>\n","protected":false},"author":6,"featured_media":0,"parent":0,"menu_order":0,"comment_status":"closed","ping_status":"closed","template":"","meta":{"_acf_changed":false,"footnotes":""},"class_list":["post-62","page","type-page","status-publish","hentry"],"acf":[],"_links":{"self":[{"href":"https:\/\/pc-rettung-eifel.de\/wordpress\/wp-json\/wp\/v2\/pages\/62","targetHints":{"allow":["GET"]}}],"collection":[{"href":"https:\/\/pc-rettung-eifel.de\/wordpress\/wp-json\/wp\/v2\/pages"}],"about":[{"href":"https:\/\/pc-rettung-eifel.de\/wordpress\/wp-json\/wp\/v2\/types\/page"}],"author":[{"embeddable":true,"href":"https:\/\/pc-rettung-eifel.de\/wordpress\/wp-json\/wp\/v2\/users\/6"}],"replies":[{"embeddable":true,"href":"https:\/\/pc-rettung-eifel.de\/wordpress\/wp-json\/wp\/v2\/comments?post=62"}],"version-history":[{"count":8,"href":"https:\/\/pc-rettung-eifel.de\/wordpress\/wp-json\/wp\/v2\/pages\/62\/revisions"}],"predecessor-version":[{"id":263,"href":"https:\/\/pc-rettung-eifel.de\/wordpress\/wp-json\/wp\/v2\/pages\/62\/revisions\/263"}],"wp:attachment":[{"href":"https:\/\/pc-rettung-eifel.de\/wordpress\/wp-json\/wp\/v2\/media?parent=62"}],"curies":[{"name":"wp","href":"https:\/\/api.w.org\/{rel}","templated":true}]}}